{"id":2,"date":"2017-09-15T23:32:45","date_gmt":"2017-09-16T02:32:45","guid":{"rendered":"http:\/\/cappellarofruits.com.br\/\/?page_id=2"},"modified":"2017-09-15T23:32:45","modified_gmt":"2017-09-16T02:32:45","slug":"pagina-exemplo","status":"publish","type":"page","link":"https:\/\/cappellarofruits.com.br\/en\/pagina-exemplo\/","title":{"rendered":"P\u00e1gina de exemplo"},"content":{"rendered":"<p>Este \u00e9 o exemplo de uma p\u00e1gina. \u00c9 diferente de um post de blog porque \u00e9 est\u00e1tica e pode aparecer em menus de navega\u00e7\u00e3o (na maioria dos temas). A maioria das pessoas come\u00e7am com uma p\u00e1gina &#8216;Sobre&#8217; que as apresenta aos potenciais visitantes do site. Voc\u00ea pode usar algo como:<\/p>\n<blockquote><p>Oi! Sou um estudante de Biologia e gosto de esportes e natureza. Nos fins-de-semana pratico futebol com meus amigos no clube local. Eu moro em Valinhos e fiz este site para falar sobre minha cidade.<\/p><\/blockquote>\n<p>&#8230;ou algo como:<\/p>\n<blockquote><p>A empresa Logos foi fundada em 1980, e tem provido o com\u00e9rcio local com o que h\u00e1 de melhor em informatiza\u00e7\u00e3o. Localizada em Recife, nossa empresa tem se destacado como um das que tamb\u00e9m contribuem para o descarte correto de equipamentos eletr\u00f4nicos substitu\u00eddos.<\/p><\/blockquote>\n<p>Como um novo usu\u00e1rio WordPress, v\u00e1 ao seu <a href=\"http:\/\/cappellarofruits.com.br\/v2\/wp-admin\/\">Painel<\/a> para excluir este conte\u00fado e criar o seu. Divirta-se!<\/p>\n","protected":false},"excerpt":{"rendered":"<p>Este \u00e9 o exemplo de uma p\u00e1gina. \u00c9 diferente de um post de blog porque \u00e9 est\u00e1tica e pode aparecer em menus de navega\u00e7\u00e3o (na maioria dos temas). A maioria das pessoas come\u00e7am com uma p\u00e1gina &#8216;Sobre&#8217; que as apresenta aos potenciais visitantes do site. Voc\u00ea pode usar algo como: Oi! Sou um estudante de [&hellip;]<\/p>\n","protected":false},"author":1,"featured_media":0,"parent":0,"menu_order":0,"comment_status":"closed","ping_status":"open","template":"","meta":[],"translation":{"provider":"WPGlobus","version":"2.10.6","language":"en","enabled_languages":["br","en","es"],"languages":{"br":{"title":true,"content":true,"excerpt":false},"en":{"title":false,"content":false,"excerpt":false},"es":{"title":false,"content":false,"excerpt":false}}},"_links":{"self":[{"href":"https:\/\/cappellarofruits.com.br\/en\/wp-json\/wp\/v2\/pages\/2"}],"collection":[{"href":"https:\/\/cappellarofruits.com.br\/en\/wp-json\/wp\/v2\/pages"}],"about":[{"href":"https:\/\/cappellarofruits.com.br\/en\/wp-json\/wp\/v2\/types\/page"}],"author":[{"embeddable":true,"href":"https:\/\/cappellarofruits.com.br\/en\/wp-json\/wp\/v2\/users\/1"}],"replies":[{"embeddable":true,"href":"https:\/\/cappellarofruits.com.br\/en\/wp-json\/wp\/v2\/comments?post=2"}],"version-history":[{"count":0,"href":"https:\/\/cappellarofruits.com.br\/en\/wp-json\/wp\/v2\/pages\/2\/revisions"}],"wp:attachment":[{"href":"https:\/\/cappellarofruits.com.br\/en\/wp-json\/wp\/v2\/media?parent=2"}],"curies":[{"name":"wp","href":"https:\/\/api.w.org\/{rel}","templated":true}]}}