{"id":21,"date":"2017-09-15T23:57:23","date_gmt":"2017-09-16T02:57:23","guid":{"rendered":"http:\/\/cappellarofruits.com.br\/\/?page_id=21"},"modified":"2017-09-15T23:57:31","modified_gmt":"2017-09-16T02:57:31","slug":"empresa","status":"publish","type":"page","link":"https:\/\/cappellarofruits.com.br\/es\/empresa\/","title":{"rendered":"Empreza"},"content":{"rendered":"<p>Nacida en la d\u00e9cada de los 90, Cappellaro Fruits es una empresa que se enorgulle por ser formada con base familiar. Situada en el Sert\u00e3o de Pernambuco, hoy posee un \u00e1rea de m\u00e1s de 180 hect\u00e1reas plantadas y una gran variedad de uvas cultivadas.<\/p>\n<p>A lo largo del a\u00f1o, genera empleo para cientos de trabajadores y apoya importantes proyectos sociales que ayudan en el desarrollo de la regi\u00f3n. Y es por todo eso que de aqu\u00ed salen las mejores uvas con o sin semillas del Valle del S\u00e3o Francisco, sea para el comercio interno o externo. Navegue por nuestro sitio y conozca un poco m\u00e1s de Cappellaro Fruits.<\/p>\n","protected":false},"excerpt":{"rendered":"<p>Nacida en la d\u00e9cada de los 90, Cappellaro Fruits es una empresa que se enorgulle por ser formada con base familiar. Situada en el Sert\u00e3o de Pernambuco, hoy posee un \u00e1rea de m\u00e1s de 180 hect\u00e1reas plantadas y una gran variedad de uvas cultivadas. A lo largo del a\u00f1o, genera empleo para cientos de trabajadores [&hellip;]<\/p>\n","protected":false},"author":1,"featured_media":0,"parent":0,"menu_order":0,"comment_status":"closed","ping_status":"closed","template":"","meta":[],"translation":{"provider":"WPGlobus","version":"2.10.6","language":"es","enabled_languages":["br","en","es"],"languages":{"br":{"title":true,"content":true,"excerpt":false},"en":{"title":true,"content":true,"excerpt":false},"es":{"title":true,"content":true,"excerpt":false}}},"_links":{"self":[{"href":"https:\/\/cappellarofruits.com.br\/es\/wp-json\/wp\/v2\/pages\/21"}],"collection":[{"href":"https:\/\/cappellarofruits.com.br\/es\/wp-json\/wp\/v2\/pages"}],"about":[{"href":"https:\/\/cappellarofruits.com.br\/es\/wp-json\/wp\/v2\/types\/page"}],"author":[{"embeddable":true,"href":"https:\/\/cappellarofruits.com.br\/es\/wp-json\/wp\/v2\/users\/1"}],"replies":[{"embeddable":true,"href":"https:\/\/cappellarofruits.com.br\/es\/wp-json\/wp\/v2\/comments?post=21"}],"version-history":[{"count":2,"href":"https:\/\/cappellarofruits.com.br\/es\/wp-json\/wp\/v2\/pages\/21\/revisions"}],"predecessor-version":[{"id":23,"href":"https:\/\/cappellarofruits.com.br\/es\/wp-json\/wp\/v2\/pages\/21\/revisions\/23"}],"wp:attachment":[{"href":"https:\/\/cappellarofruits.com.br\/es\/wp-json\/wp\/v2\/media?parent=21"}],"curies":[{"name":"wp","href":"https:\/\/api.w.org\/{rel}","templated":true}]}}